{"id":9592,"date":"2025-07-31T11:20:43","date_gmt":"2025-07-31T07:50:43","guid":{"rendered":"https:\/\/webdesignpro.com.au\/product\/diseno-de-aplicaciones-moviles\/"},"modified":"2025-08-05T00:22:33","modified_gmt":"2025-08-04T20:52:33","slug":"diseno-de-aplicaciones-moviles","status":"publish","type":"product","link":"https:\/\/webdesignpro.com.au\/es\/producto\/diseno-de-aplicaciones-moviles\/","title":{"rendered":"Dise\u00f1o de aplicaciones m\u00f3viles"},"content":{"rendered":"<p>Adem\u00e1s de sitios web, tambi\u00e9n nos especializamos en el dise\u00f1o y desarrollo de aplicaciones m\u00f3viles personalizadas para Android e iOS. Una aplicaci\u00f3n m\u00f3vil te ayuda a conectar directamente con tus clientes, ofrecer servicios \u00fanicos y brindarles una excelente experiencia de usuario en sus smartphones. Desde la ideaci\u00f3n y el dise\u00f1o UI\/UX hasta el desarrollo y la publicaci\u00f3n de la aplicaci\u00f3n, te acompa\u00f1amos en cada paso del proceso para convertir tus ideas en realidad.  <\/p>\n","protected":false},"excerpt":{"rendered":"<p>Adem\u00e1s de sitios web, tambi\u00e9n nos especializamos en el dise\u00f1o y desarrollo de aplicaciones m\u00f3viles personalizadas para Android e iOS. Una aplicaci\u00f3n m\u00f3vil te ayuda a conectar directamente con tus clientes, ofrecer servicios \u00fanicos y brindarles una excelente experiencia de usuario en sus smartphones. Desde la ideaci\u00f3n y el dise\u00f1o UI\/UX hasta el desarrollo y [&hellip;]<\/p>\n","protected":false},"featured_media":9772,"comment_status":"open","ping_status":"closed","template":"","meta":[],"product_brand":[],"product_cat":[201],"product_tag":[],"class_list":{"0":"post-9592","1":"product","2":"type-product","3":"status-publish","4":"has-post-thumbnail","6":"product_cat-aplicacion","8":"first","9":"instock","10":"sale","11":"shipping-taxable","12":"purchasable","13":"product-type-simple"},"_links":{"self":[{"href":"https:\/\/webdesignpro.com.au\/es\/wp-json\/wp\/v2\/product\/9592","targetHints":{"allow":["GET"]}}],"collection":[{"href":"https:\/\/webdesignpro.com.au\/es\/wp-json\/wp\/v2\/product"}],"about":[{"href":"https:\/\/webdesignpro.com.au\/es\/wp-json\/wp\/v2\/types\/product"}],"replies":[{"embeddable":true,"href":"https:\/\/webdesignpro.com.au\/es\/wp-json\/wp\/v2\/comments?post=9592"}],"wp:featuredmedia":[{"embeddable":true,"href":"https:\/\/webdesignpro.com.au\/es\/wp-json\/wp\/v2\/media\/9772"}],"wp:attachment":[{"href":"https:\/\/webdesignpro.com.au\/es\/wp-json\/wp\/v2\/media?parent=9592"}],"wp:term":[{"taxonomy":"product_brand","embeddable":true,"href":"https:\/\/webdesignpro.com.au\/es\/wp-json\/wp\/v2\/product_brand?post=9592"},{"taxonomy":"product_cat","embeddable":true,"href":"https:\/\/webdesignpro.com.au\/es\/wp-json\/wp\/v2\/product_cat?post=9592"},{"taxonomy":"product_tag","embeddable":true,"href":"https:\/\/webdesignpro.com.au\/es\/wp-json\/wp\/v2\/product_tag?post=9592"}],"curies":[{"name":"wp","href":"https:\/\/api.w.org\/{rel}","templated":true}]}}